{"id":4763,"date":"2025-05-20T05:25:57","date_gmt":"2025-05-20T05:25:57","guid":{"rendered":"https:\/\/eduhunterplay.com\/?page_id=4763"},"modified":"2025-05-20T05:25:59","modified_gmt":"2025-05-20T05:25:59","slug":"politica-de-servicos","status":"publish","type":"page","link":"https:\/\/eduhunterplay.com\/index.php\/politica-de-servicos\/","title":{"rendered":"Pol\u00edtica de Servi\u00e7os"},"content":{"rendered":"<h2 class=\"wp-block-heading\">\ud83d\uded2 <strong>Pol\u00edtica de Reembolso \u2013 Produtos e Servi\u00e7os<\/strong><\/h2><h3 class=\"wp-block-heading\">Produtos: Moedas \/ Passes \/ Pok\u00e9mon \/ Contas \/Raids ou Farms<\/h3><ul class=\"wp-block-list\"><li>O cliente tem <strong>at\u00e9 48 horas<\/strong> ap\u00f3s a compra para solicitar reembolso <strong>caso o produto n\u00e3o tenha sido entregue<\/strong>.<\/li>\n\n<li><strong>Ap\u00f3s a entrega<\/strong>, n\u00e3o ser\u00e1 poss\u00edvel solicitar devolu\u00e7\u00e3o de:<ul class=\"wp-block-list\"><li>Contas<\/li>\n\n<li>Moedas<\/li>\n\n<li>Passes<\/li>\n\n<li>Pok\u00e9mon trocados<\/li>\n\n<li>Raids\/Dinamax ou Gigamax Feitas<\/li>\n\n<li>Farm de Xp Ou Stardust<\/li><\/ul><\/li>\n\n<li>Caso o cliente <strong>se arrependa da compra antes da entrega<\/strong>, poder\u00e1 solicitar o reembolso, Ser\u00e1 Feito a<strong> Cobran\u00e7a de 10%<\/strong> pelo cancelamento.<\/li>\n\n<li>\u00c9 obrigat\u00f3rio apresentar <strong>o comprovante de compra<\/strong>.<\/li>\n\n<li>O valor reembolsado ser\u00e1 o mesmo pago pelo produto, <strong>com desconto das taxas de frete e impostos<\/strong>.<\/li>\n\n<li>O reembolso ser\u00e1 realizado <strong>pelo mesmo m\u00e9todo de pagamento utilizado<\/strong> na compra.<\/li><\/ul><hr class=\"wp-block-separator has-alpha-channel-opacity\"\/><h2 class=\"wp-block-heading\">\ud83d\udd27 <strong>Servi\u00e7os Remotos \u2013 Root, FakeGPS, Pokemod<\/strong><\/h2><h3 class=\"wp-block-heading\">Importante sobre o Root:<\/h3><ul class=\"wp-block-list\"><li>O procedimento de <strong>root<\/strong> altera a raiz do sistema do aparelho.<\/li>\n\n<li>O <strong>root invalida a garantia do fabricante<\/strong>.<\/li>\n\n<li>Ele libera o acesso de <strong>superusu\u00e1rio (root)<\/strong> no aparelho \u2014 <strong>use com responsabilidade!<\/strong><ul class=\"wp-block-list\"><li>Recomendado <strong>exclusivamente para uso com Pok\u00e9mon GO<\/strong>.<\/li><\/ul><\/li>\n\n<li><strong>Alguns aplicativos podem deixar de funcionar<\/strong> (ex: bancos, apps de seguran\u00e7a).<ul class=\"wp-block-list\"><li>N\u00e3o podemos garantir quais funcionar\u00e3o ou n\u00e3o.<\/li><\/ul><\/li><\/ul><p><strong>\u26a0\ufe0f Recomendamos o uso de um celular secund\u00e1rio.<\/strong><\/p><hr class=\"wp-block-separator has-alpha-channel-opacity\"\/><h3 class=\"wp-block-heading\">Garantias do Servi\u00e7o:<\/h3><p>Voc\u00ea ter\u00e1:<\/p><ul class=\"wp-block-list\"><li>Root com <strong>Magisk<\/strong> instalado e configurado.<\/li>\n\n<li>Instala\u00e7\u00e3o de <strong>FakeGPS e Pokemod<\/strong>.<\/li>\n\n<li><strong>90 dias de garantia<\/strong> contra bugs ou erros relacionados ao root.<\/li>\n\n<li><strong>Reembolso integral<\/strong> caso o root <strong>n\u00e3o seja conclu\u00eddo<\/strong>.<\/li><\/ul><hr class=\"wp-block-separator has-alpha-channel-opacity\"\/><h3 class=\"wp-block-heading\">Pol\u00edtica de Cancelamento e Reembolso de Servi\u00e7os:<\/h3><ul class=\"wp-block-list\"><li>\u00c9 poss\u00edvel solicitar <strong>reembolso at\u00e9 1 dias antes da data agendada<\/strong> com o t\u00e9cnico.<\/li>\n\n<li><strong>N\u00e3o h\u00e1 garantia<\/strong> nos seguintes casos:<ul class=\"wp-block-list\"><li>Caso o aparelho seja <strong>formatado ou atualizado<\/strong> ap\u00f3s o servi\u00e7o.<\/li>\n\n<li>Cancelamento de <strong>mais de 3 agendamentos<\/strong>.<\/li>\n\n<li>Cancelamento ou desist\u00eancia <strong>no dia do servi\u00e7o<\/strong>: multa de <strong>30%<\/strong>.<\/li>\n\n<li>Desist\u00eancia <strong>durante o procedimento<\/strong>: multa de <strong>30%<\/strong>.<\/li><\/ul><\/li><\/ul><hr class=\"wp-block-separator has-alpha-channel-opacity\"\/><h3 class=\"wp-block-heading\">\ud83d\udcf1 Requisitos T\u00e9cnicos Recomendados:<\/h3><ul class=\"wp-block-list\"><li>Modelos recomendados: <strong>Xiaomi, Motorola e Samsung<\/strong>.<\/li>\n\n<li><strong>M\u00ednimo de 4 GB de RAM<\/strong>.<\/li>\n\n<li>Processador com desempenho <strong>igual ou superior ao Snapdragon 640<\/strong>.<\/li><\/ul><blockquote class=\"wp-block-quote is-layout-flow wp-block-quote-is-layout-flow\"><p>\u2757 <em>Caso seu celular n\u00e3o atenda aos requisitos, n\u00e3o nos responsabilizamos por desempenho ou falhas em hacks\/mods.<\/em><\/p><\/blockquote><h4 class=\"wp-block-heading\"><strong>Pol\u00edtica de N\u00e3o Reembols\u00e1vel para Servi\u00e7os Conclu\u00eddos com Sucesso<\/strong><\/h4><p><\/p><ul class=\"wp-block-list\"><li><em>\u201cServi\u00e7os conclu\u00eddos com sucesso (Root, FakeGPS, Pokemod) <strong>n\u00e3o s\u00e3o pass\u00edveis de reembolso<\/strong>, salvo nos casos cobertos pela garantia t\u00e9cnica de 90 dias (erros ou bugs no Root).\u201d<\/em><\/li><\/ul><h4 class=\"wp-block-heading\">2. <strong>Responsabilidade do Cliente \u2013 Backups e Dados Pessoais<\/strong><\/h4><ul class=\"wp-block-list\"><li><em>\u201cO cliente \u00e9 respons\u00e1vel por realizar backup dos seus dados antes do procedimento. <strong>N\u00e3o nos responsabilizamos por perda de dados<\/strong> ou arquivos pessoais durante o processo de root ou configura\u00e7\u00f5es.\u201d<\/em><\/li><\/ul><h4 class=\"wp-block-heading\">3. <strong>Aviso sobre Riscos do Root<\/strong><\/h4><ul class=\"wp-block-list\"><li><em>\u201cO cliente est\u00e1 ciente de que o procedimento de root envolve riscos t\u00e9cnicos e assume total responsabilidade pelos efeitos colaterais no funcionamento do aparelho.\u201d<\/em><\/li><\/ul><h4 class=\"wp-block-heading\">4. <strong>Reembolso Parcial por Servi\u00e7os Iniciados<\/strong><\/h4><ul class=\"wp-block-list\"><li><em>\u201cCaso o cliente solicite o cancelamento ap\u00f3s o in\u00edcio do servi\u00e7o, ser\u00e1 reembolsado parcialmente, com desconto proporcional ao tempo e recursos j\u00e1 utilizados.\u201d<\/em><\/li><\/ul><h4 class=\"wp-block-heading\">5. <strong>Declara\u00e7\u00e3o de Consentimento<\/strong><\/h4><ul class=\"wp-block-list\"><li><em>\u201cAo contratar nossos produtos ou servi\u00e7os, o cliente declara estar ciente e de acordo com todos os termos desta pol\u00edtica de reembolso e condi\u00e7\u00f5es t\u00e9cnicas.\u201d<\/em><\/li><\/ul><hr class=\"wp-block-separator has-alpha-channel-opacity\"\/><h3 class=\"wp-block-heading\">\ud83d\udcde Para solicitar reembolso:<\/h3><p><strong>Entre em contato:<\/strong><br>\ud83d\udcf1 WhatsApp: (85) 99232-3759<\/p><p><\/p>","protected":false},"excerpt":{"rendered":"<p>\ud83d\uded2 Pol\u00edtica de Reembolso \u2013 Produtos e Servi\u00e7os Produtos: Moedas \/ Passes \/ Pok\u00e9mon \/ Contas \/Raids ou Farms \ud83d\udd27 Servi\u00e7os Remotos \u2013 Root, FakeGPS, Pokemod Importante sobre o Root: \u26a0\ufe0f Recomendamos o uso de um celular secund\u00e1rio. Garantias do Servi\u00e7o: Voc\u00ea ter\u00e1: Pol\u00edtica de Cancelamento e Reembolso de Servi\u00e7os: \ud83d\udcf1 Requisitos T\u00e9cnicos Recomendados: \u2757&#8230;<\/p>\n","protected":false},"author":1,"featured_media":0,"parent":0,"menu_order":0,"comment_status":"closed","ping_status":"closed","template":"","meta":{"_kadence_starter_templates_imported_post":false,"_kad_post_transparent":"","_kad_post_title":"","_kad_post_layout":"","_kad_post_sidebar_id":"","_kad_post_content_style":"","_kad_post_vertical_padding":"","_kad_post_feature":"","_kad_post_feature_position":"","_kad_post_header":false,"_kad_post_footer":false,"_joinchat":[],"footnotes":""},"class_list":["post-4763","page","type-page","status-publish","hentry"],"_links":{"self":[{"href":"https:\/\/eduhunterplay.com\/index.php\/wp-json\/wp\/v2\/pages\/4763"}],"collection":[{"href":"https:\/\/eduhunterplay.com\/index.php\/wp-json\/wp\/v2\/pages"}],"about":[{"href":"https:\/\/eduhunterplay.com\/index.php\/wp-json\/wp\/v2\/types\/page"}],"author":[{"embeddable":true,"href":"https:\/\/eduhunterplay.com\/index.php\/wp-json\/wp\/v2\/users\/1"}],"replies":[{"embeddable":true,"href":"https:\/\/eduhunterplay.com\/index.php\/wp-json\/wp\/v2\/comments?post=4763"}],"version-history":[{"count":1,"href":"https:\/\/eduhunterplay.com\/index.php\/wp-json\/wp\/v2\/pages\/4763\/revisions"}],"predecessor-version":[{"id":4764,"href":"https:\/\/eduhunterplay.com\/index.php\/wp-json\/wp\/v2\/pages\/4763\/revisions\/4764"}],"wp:attachment":[{"href":"https:\/\/eduhunterplay.com\/index.php\/wp-json\/wp\/v2\/media?parent=4763"}],"curies":[{"name":"wp","href":"https:\/\/api.w.org\/{rel}","templated":true}]}}