{"id":1181,"date":"2023-07-27T09:07:37","date_gmt":"2023-07-27T09:07:37","guid":{"rendered":"https:\/\/eduhunterplay.com\/?post_type=product&#038;p=1181"},"modified":"2026-03-29T20:47:39","modified_gmt":"2026-03-29T20:47:39","slug":"root-remoto","status":"publish","type":"product","link":"https:\/\/eduhunterplay.com\/index.php\/product\/root-remoto\/","title":{"rendered":"ROOT REMOTO"},"content":{"rendered":"<p>\ud83d\udcf1 Modelos Compat\u00edveis (Samsung \/ Motorola \/ Xiaomi \/ Google Pixel)<br \/>\n\u2714 Android 9 ou superior<br \/>\n\u2714 4GB de RAM ou mais<br \/>\n\u2714 Processador superior ao Snapdragon 660 ou Helio G85<br \/>\n\u2757 Recomendado uso em celular secund\u00e1rio<br \/>\n\u274c N\u00e3o atendemos outras marcas<br \/>\n\u274c Celular com root n\u00e3o funciona com apps de banco e governo<br \/>\n\u26a0\ufe0f Nao temos Root para(Computador&amp;Iphone)<br \/>\n\ud83d\udeabNao Dou Descontos!<\/p>\n<p>\ud83c\udf10 Servi\u00e7o remoto (feito \u00e0 dist\u00e2ncia pela internet)<br \/>\n\ud83d\udcbb \u00c9 necess\u00e1rio ter um computador para realizar o processo<\/p>\n<p>\u2e3b<\/p>\n<p>\ud83d\udc68\u200d\ud83d\udd27 Servi\u00e7os Dispon\u00edveis<\/p>\n<p>\ud83d\udd39 Instala\u00e7\u00e3o de Root<br \/>\n(at\u00e9 24h) \ud83d\udcb0 R$180<\/p>\n<p>\ud83d\udd39 Root Promocional<br \/>\n(at\u00e9 4 dias) \ud83d\udcb0 R$150<\/p>\n<p>\ud83d\udd39 Downgrade ou Remo\u00e7\u00e3o<br \/>\n\ud83d\udcb0 R$90<\/p>\n<p>\ud83d\udd39 Configura\u00e7\u00e3o do Root<br \/>\n\ud83d\udcb0 R$80<\/p>\n<p>\u2e3b<\/p>\n<p>\ud83d\udcf1 Aten\u00e7\u00e3o: Dispositivos Xiaomi com HyperOS<br \/>\n\ud83d\udd38 \u00c9 necess\u00e1rio contratar os 3 servi\u00e7os:<br \/>\n&#8211; Desbloqueio For\u00e7ado + Downgrade + Root<\/p>\n<p>* \u206024h HyperOs &#8211; 320 Reais<br \/>\n* \u2060Promocional HyperOs &#8211; 290 Reias<\/p>\n<p>\u26a0\ufe0f N\u00e3o \u00e9 poss\u00edvel fazer root no HyperOS 2.0 (bloqueio da Xiaomi)<\/p>\n<p>\u2e3b<br \/>\n\ud83d\udce6 Pacote Root Remoto:<br \/>\n\u2705 Desbloqueio do bootloader<br \/>\n\u2705 Instala\u00e7\u00e3o do Magisk (root)<br \/>\n\u2705 Instala\u00e7\u00e3o do GPS Hoppa, Pokemod e Pokelist<br \/>\n\u27a1\ufe0f Caso deseje outros apps, informe ao t\u00e9cnico<\/p>\n<p>\ud83d\udccc D\u00favidas?<br \/>\nhttps:\/\/linktr.ee\/EduhunterVideos<\/p>\n<p>\ud83d\udce8 Se ainda restar d\u00favidas, \u00e9 s\u00f3 me chamar!<\/p>\n","protected":false},"excerpt":{"rendered":"<p>\ud83d\udcf1 Modelos Compat\u00edveis (Samsung \/ Motorola \/ Xiaomi \/ Google Pixel) \u2714 Android 9 ou superior \u2714 4GB de RAM ou mais \u2714 Processador superior ao Snapdragon 660 ou Helio G85 \u2757 Recomendado uso em celular secund\u00e1rio \u274c N\u00e3o atendemos outras marcas \u274c Celular com root n\u00e3o funciona com apps de banco e governo \u26a0\ufe0f&#8230;<\/p>\n","protected":false},"featured_media":1185,"comment_status":"open","ping_status":"closed","template":"","meta":{"_kadence_starter_templates_imported_post":false,"_kad_post_transparent":"default","_kad_post_title":"","_kad_post_layout":"default","_kad_post_sidebar_id":"","_kad_post_content_style":"default","_kad_post_vertical_padding":"default","_kad_post_feature":"","_kad_post_feature_position":"","_kad_post_header":false,"_kad_post_footer":false,"_joinchat":[]},"product_brand":[],"product_cat":[24],"product_tag":[146,150,201,193,139,195,199,198,145,142,141,144,188,143,194,28,197,200,149,187,196,189,191,186,138,190,147,192,202,140,203,148],"class_list":{"0":"post-1181","1":"product","2":"type-product","3":"status-publish","4":"has-post-thumbnail","6":"product_cat-servicos","7":"product_tag-android-root-pokemon-go","8":"product_tag-assistencia-pokemon-go","9":"product_tag-conta-otimizada-pokemon-go","10":"product_tag-desbloqueio-android","11":"product_tag-desbloqueio-pokemon-go","12":"product_tag-desempenho-android","13":"product_tag-farm-pokemon-go","14":"product_tag-gps-joystick-pokemon-go","15":"product_tag-gps-pokemon-go","16":"product_tag-hack-pokemon-go","17":"product_tag-joystick-pokemon-go","18":"product_tag-localizacao-falsa-pokemon-go","19":"product_tag-magisk-root","20":"product_tag-mod-pokemon-go","21":"product_tag-otimizacao-android","22":"product_tag-pokemon-go","23":"product_tag-pokemon-go-root","24":"product_tag-pokemon-go-vantagem","25":"product_tag-privacidade-pokemon-go","26":"product_tag-root-android","27":"product_tag-root-para-jogos","28":"product_tag-root-pokemon-go","29":"product_tag-root-profissional","30":"product_tag-root-remoto","31":"product_tag-root-remoto-pokemon-go","32":"product_tag-root-seguro","33":"product_tag-seguranca-pokemon-go","34":"product_tag-servico-de-root","35":"product_tag-servico-premium-android","36":"product_tag-spoofing-pokemon-go","37":"product_tag-suporte-root-24h","38":"product_tag-vpn-pokemon-go","40":"first","41":"instock","42":"featured","43":"taxable","44":"shipping-taxable","45":"purchasable","46":"product-type-variable","47":"entry","48":"content-bg","49":"loop-entry"},"_links":{"self":[{"href":"https:\/\/eduhunterplay.com\/index.php\/wp-json\/wp\/v2\/product\/1181"}],"collection":[{"href":"https:\/\/eduhunterplay.com\/index.php\/wp-json\/wp\/v2\/product"}],"about":[{"href":"https:\/\/eduhunterplay.com\/index.php\/wp-json\/wp\/v2\/types\/product"}],"replies":[{"embeddable":true,"href":"https:\/\/eduhunterplay.com\/index.php\/wp-json\/wp\/v2\/comments?post=1181"}],"wp:featuredmedia":[{"embeddable":true,"href":"https:\/\/eduhunterplay.com\/index.php\/wp-json\/wp\/v2\/media\/1185"}],"wp:attachment":[{"href":"https:\/\/eduhunterplay.com\/index.php\/wp-json\/wp\/v2\/media?parent=1181"}],"wp:term":[{"taxonomy":"product_brand","embeddable":true,"href":"https:\/\/eduhunterplay.com\/index.php\/wp-json\/wp\/v2\/product_brand?post=1181"},{"taxonomy":"product_cat","embeddable":true,"href":"https:\/\/eduhunterplay.com\/index.php\/wp-json\/wp\/v2\/product_cat?post=1181"},{"taxonomy":"product_tag","embeddable":true,"href":"https:\/\/eduhunterplay.com\/index.php\/wp-json\/wp\/v2\/product_tag?post=1181"}],"curies":[{"name":"wp","href":"https:\/\/api.w.org\/{rel}","templated":true}]}}