{"id":1189,"date":"2023-07-27T09:35:56","date_gmt":"2023-07-27T09:35:56","guid":{"rendered":"https:\/\/eduhunterplay.com\/?post_type=product&#038;p=1189"},"modified":"2026-04-19T18:21:59","modified_gmt":"2026-04-19T18:21:59","slug":"melhoria-de-conta-xp-stardust","status":"publish","type":"product","link":"https:\/\/eduhunterplay.com\/index.php\/product\/melhoria-de-conta-xp-stardust\/","title":{"rendered":"MELHORIA DE CONTA"},"content":{"rendered":"<pre><strong>Esteja ciente de duas Coisas<\/strong>\r\n1-Esse M\u00e9todo Usa Hack na Sua Conta\r\n2-Precisarei do Acesso a Sua conta! (Email e Senha e Durante o Processo voce so poder\u00e1 entrar na sua conta quando eu Encerrar o Farm)\r\n<b>\r\nXP\r\nNo Xp temos limite di\u00e1rio que atrapalha um pouco, Ent\u00e3o so consigo farmar cerca de 4 a 5 Milh\u00f5es por dia e demora coisa de umas 6 a 8 horas!\r\n\r\nEu pessoal solicitarei seu email e senha via whatsapp - 85 992323759\r\n\r\n<\/b><\/pre>\n<p>&nbsp;<\/p>\n","protected":false},"excerpt":{"rendered":"<p>Esteja ciente de duas Coisas 1-Esse M\u00e9todo Usa Hack na Sua Conta 2-Precisarei do Acesso a Sua conta! (Email e Senha e Durante o Processo voce so poder\u00e1 entrar na sua conta quando eu Encerrar o Farm) XP No Xp temos limite di\u00e1rio que atrapalha um pouco, Ent\u00e3o so consigo farmar cerca de 4 a&#8230;<\/p>\n","protected":false},"featured_media":1186,"comment_status":"open","ping_status":"closed","template":"","meta":{"_kadence_starter_templates_imported_post":false,"_kad_post_transparent":"default","_kad_post_title":"","_kad_post_layout":"default","_kad_post_sidebar_id":"","_kad_post_content_style":"default","_kad_post_vertical_padding":"default","_kad_post_feature":"","_kad_post_feature_position":"","_kad_post_header":false,"_kad_post_footer":false,"_joinchat":[]},"product_brand":[],"product_cat":[82,24],"product_tag":[],"class_list":{"0":"post-1189","1":"product","2":"type-product","3":"status-publish","4":"has-post-thumbnail","6":"product_cat-farm","7":"product_cat-servicos","9":"first","10":"instock","11":"taxable","12":"shipping-taxable","13":"purchasable","14":"product-type-variable","15":"entry","16":"content-bg","17":"loop-entry"},"_links":{"self":[{"href":"https:\/\/eduhunterplay.com\/index.php\/wp-json\/wp\/v2\/product\/1189"}],"collection":[{"href":"https:\/\/eduhunterplay.com\/index.php\/wp-json\/wp\/v2\/product"}],"about":[{"href":"https:\/\/eduhunterplay.com\/index.php\/wp-json\/wp\/v2\/types\/product"}],"replies":[{"embeddable":true,"href":"https:\/\/eduhunterplay.com\/index.php\/wp-json\/wp\/v2\/comments?post=1189"}],"wp:featuredmedia":[{"embeddable":true,"href":"https:\/\/eduhunterplay.com\/index.php\/wp-json\/wp\/v2\/media\/1186"}],"wp:attachment":[{"href":"https:\/\/eduhunterplay.com\/index.php\/wp-json\/wp\/v2\/media?parent=1189"}],"wp:term":[{"taxonomy":"product_brand","embeddable":true,"href":"https:\/\/eduhunterplay.com\/index.php\/wp-json\/wp\/v2\/product_brand?post=1189"},{"taxonomy":"product_cat","embeddable":true,"href":"https:\/\/eduhunterplay.com\/index.php\/wp-json\/wp\/v2\/product_cat?post=1189"},{"taxonomy":"product_tag","embeddable":true,"href":"https:\/\/eduhunterplay.com\/index.php\/wp-json\/wp\/v2\/product_tag?post=1189"}],"curies":[{"name":"wp","href":"https:\/\/api.w.org\/{rel}","templated":true}]}}