{"id":1197,"date":"2023-07-27T09:46:49","date_gmt":"2023-07-27T09:46:49","guid":{"rendered":"https:\/\/eduhunterplay.com\/?post_type=product&#038;p=1197"},"modified":"2026-02-21T18:18:53","modified_gmt":"2026-02-21T18:18:53","slug":"porta-moedas-do-gimmighoul","status":"publish","type":"product","link":"https:\/\/eduhunterplay.com\/index.php\/product\/porta-moedas-do-gimmighoul\/","title":{"rendered":"PORTA MOEDAS DO GIMMIGHOUL"},"content":{"rendered":"<div>\ud83d\udce6 Caixa de Gimmighoul &#8211; Unidade<\/div>\n<div>\ud83d\udcb0 Valores variam conforme o login:<\/div>\n<div>\u2022Clube d Treinador: R$ 5,00<\/div>\n<div>\u2022Google: R$ 6,00<\/div>\n<div>\u2022Facebook: R$ 8,00<\/div>\n<div><\/div>\n<div>\u26a0\ufe0f Taxas adicionais:<\/div>\n<div>\u2022N\u00e3o sei a senha: R$ 20,00<\/div>\n<div>\u2022N\u00e3o sei o login: R$ 20,00<\/div>\n<div><\/div>\n<div>\ud83d\udc49 Para evitar pagar mais caro, tenham em m\u00e3os o e-mail e a senha da conta.<\/div>\n<div>\u2757 N\u00e3o sou vidente e n\u00e3o tenho como adivinhar seu login ou senha.<\/div>\n<div><\/div>\n<div>\u2139\ufe0f Informa\u00e7\u00e3o importante:<\/div>\n<div>Para obter o Gimmighoul, \u00e9 necess\u00e1rio ter Nintendo Switch e conectar a conta do Pok\u00e9mon GO ao jogo Pok\u00e9mon Scarlet ou Violet.<\/div>\n<div>O jogo custa em m\u00e9dia R$ 300,00 e o Nintendo Switch cerca de R$ 1.800,00.<\/div>\n<div><\/div>\n<div>\ud83d\udc49 Ou seja, o investimento foi alto para que eu pudesse oferecer esse ba\u00fa.<\/div>\n<div>Por favor, n\u00e3o pe\u00e7am desconto.<\/div>\n","protected":false},"excerpt":{"rendered":"<p>\ud83d\udce6 Caixa de Gimmighoul &#8211; Unidade \ud83d\udcb0 Valores variam conforme o login: \u2022Clube d Treinador: R$ 5,00 \u2022Google: R$ 6,00 \u2022Facebook: R$ 8,00 \u26a0\ufe0f Taxas adicionais: \u2022N\u00e3o sei a senha: R$ 20,00 \u2022N\u00e3o sei o login: R$ 20,00 \ud83d\udc49 Para evitar pagar mais caro, tenham em m\u00e3os o e-mail e a senha da conta. \u2757&#8230;<\/p>\n","protected":false},"featured_media":1184,"comment_status":"open","ping_status":"closed","template":"","meta":{"_kadence_starter_templates_imported_post":false,"_kad_post_transparent":"default","_kad_post_title":"","_kad_post_layout":"default","_kad_post_sidebar_id":"","_kad_post_content_style":"default","_kad_post_vertical_padding":"default","_kad_post_feature":"","_kad_post_feature_position":"","_kad_post_header":false,"_kad_post_footer":false,"_joinchat":[]},"product_brand":[],"product_cat":[24],"product_tag":[],"class_list":{"0":"post-1197","1":"product","2":"type-product","3":"status-publish","4":"has-post-thumbnail","6":"product_cat-servicos","8":"first","9":"instock","10":"taxable","11":"shipping-taxable","12":"purchasable","13":"product-type-variable","14":"entry","15":"content-bg","16":"loop-entry"},"_links":{"self":[{"href":"https:\/\/eduhunterplay.com\/index.php\/wp-json\/wp\/v2\/product\/1197"}],"collection":[{"href":"https:\/\/eduhunterplay.com\/index.php\/wp-json\/wp\/v2\/product"}],"about":[{"href":"https:\/\/eduhunterplay.com\/index.php\/wp-json\/wp\/v2\/types\/product"}],"replies":[{"embeddable":true,"href":"https:\/\/eduhunterplay.com\/index.php\/wp-json\/wp\/v2\/comments?post=1197"}],"wp:featuredmedia":[{"embeddable":true,"href":"https:\/\/eduhunterplay.com\/index.php\/wp-json\/wp\/v2\/media\/1184"}],"wp:attachment":[{"href":"https:\/\/eduhunterplay.com\/index.php\/wp-json\/wp\/v2\/media?parent=1197"}],"wp:term":[{"taxonomy":"product_brand","embeddable":true,"href":"https:\/\/eduhunterplay.com\/index.php\/wp-json\/wp\/v2\/product_brand?post=1197"},{"taxonomy":"product_cat","embeddable":true,"href":"https:\/\/eduhunterplay.com\/index.php\/wp-json\/wp\/v2\/product_cat?post=1197"},{"taxonomy":"product_tag","embeddable":true,"href":"https:\/\/eduhunterplay.com\/index.php\/wp-json\/wp\/v2\/product_tag?post=1197"}],"curies":[{"name":"wp","href":"https:\/\/api.w.org\/{rel}","templated":true}]}}