{"id":2982,"date":"2024-03-08T03:51:34","date_gmt":"2024-03-08T03:51:34","guid":{"rendered":"https:\/\/eduhunterplay.com\/?post_type=product&#038;p=2982"},"modified":"2025-12-30T13:53:03","modified_gmt":"2025-12-30T13:53:03","slug":"deixa-que-eu-faco-seu-evento","status":"publish","type":"product","link":"https:\/\/eduhunterplay.com\/index.php\/product\/deixa-que-eu-faco-seu-evento\/","title":{"rendered":"DEIXA QUE EU FA\u00c7O SEU EVENTO!"},"content":{"rendered":"<pre><strong>POKEMOD - \u00c9 O HACK MAIS SEGURO DO MERCADO\r\n\r\n<\/strong>Lembrando que Temos Valores diferente j\u00e1 que Pokemod \u00e9 um Hack aonde Existe a Necessidade que eu Jogue por voce, Ent\u00e3o ficarei ativo, Farei Raids, Miss\u00f5es, e Capturarei a maior quantidade de shinys Possivel no seu evento\r\nFarm durante a Madrugada tem Adicional Noturno Por isso \u00e9 mais caro j\u00e1 que ficarei Acordado s\u00f3 para jogar pra voce! \r\n\r\n<strong>PGTOOLS - \u00c9 UM AUTO FARM ROOT\r\n\r\n<\/strong>Pgtools ele Captura pokemon autom\u00e1tico e gira pokestop e completa algumas missoes por voce automaticamente, Como disse ele faz tudo autom\u00e1tico ent\u00e3o n\u00e3o ter\u00e1 interfer\u00eancia minha \r\n\r\n<strong>SEMPRE COMPRE COM ANTECEDENCIA PARA QUE POSSAMOS AGENDAR SEU EVENTO DA MELHOR FORMA POSSIVEL!\r\nESTEJA CIENTE QUE IREI USAR HACK NA SUA CONTA<\/strong><\/pre>\n","protected":false},"excerpt":{"rendered":"<p>POKEMOD &#8211; \u00c9 O HACK MAIS SEGURO DO MERCADO Lembrando que Temos Valores diferente j\u00e1 que Pokemod \u00e9 um Hack aonde Existe a Necessidade que eu Jogue por voce, Ent\u00e3o ficarei ativo, Farei Raids, Miss\u00f5es, e Capturarei a maior quantidade de shinys Possivel no seu evento Farm durante a Madrugada tem Adicional Noturno Por isso&#8230;<\/p>\n","protected":false},"featured_media":2981,"comment_status":"open","ping_status":"closed","template":"","meta":{"_kadence_starter_templates_imported_post":false,"_kad_post_transparent":"default","_kad_post_title":"","_kad_post_layout":"default","_kad_post_sidebar_id":"","_kad_post_content_style":"default","_kad_post_vertical_padding":"default","_kad_post_feature":"","_kad_post_feature_position":"","_kad_post_header":false,"_kad_post_footer":false,"_joinchat":[]},"product_brand":[],"product_cat":[57],"product_tag":[],"class_list":{"0":"post-2982","1":"product","2":"type-product","3":"status-publish","4":"has-post-thumbnail","6":"product_cat-evento","8":"first","9":"instock","10":"taxable","11":"shipping-taxable","12":"purchasable","13":"product-type-variable","14":"entry","15":"content-bg","16":"loop-entry"},"_links":{"self":[{"href":"https:\/\/eduhunterplay.com\/index.php\/wp-json\/wp\/v2\/product\/2982"}],"collection":[{"href":"https:\/\/eduhunterplay.com\/index.php\/wp-json\/wp\/v2\/product"}],"about":[{"href":"https:\/\/eduhunterplay.com\/index.php\/wp-json\/wp\/v2\/types\/product"}],"replies":[{"embeddable":true,"href":"https:\/\/eduhunterplay.com\/index.php\/wp-json\/wp\/v2\/comments?post=2982"}],"wp:featuredmedia":[{"embeddable":true,"href":"https:\/\/eduhunterplay.com\/index.php\/wp-json\/wp\/v2\/media\/2981"}],"wp:attachment":[{"href":"https:\/\/eduhunterplay.com\/index.php\/wp-json\/wp\/v2\/media?parent=2982"}],"wp:term":[{"taxonomy":"product_brand","embeddable":true,"href":"https:\/\/eduhunterplay.com\/index.php\/wp-json\/wp\/v2\/product_brand?post=2982"},{"taxonomy":"product_cat","embeddable":true,"href":"https:\/\/eduhunterplay.com\/index.php\/wp-json\/wp\/v2\/product_cat?post=2982"},{"taxonomy":"product_tag","embeddable":true,"href":"https:\/\/eduhunterplay.com\/index.php\/wp-json\/wp\/v2\/product_tag?post=2982"}],"curies":[{"name":"wp","href":"https:\/\/api.w.org\/{rel}","templated":true}]}}