{"id":3908,"date":"2024-10-20T13:55:36","date_gmt":"2024-10-20T13:55:36","guid":{"rendered":"https:\/\/eduhunterplay.com\/?post_type=product&#038;p=3908"},"modified":"2026-04-10T19:06:43","modified_gmt":"2026-04-10T19:06:43","slug":"farm-dia-da-comunidade","status":"publish","type":"product","link":"https:\/\/eduhunterplay.com\/index.php\/product\/farm-dia-da-comunidade\/","title":{"rendered":"FARM DIA DA COMUNIDADE"},"content":{"rendered":"<pre><strong>Esteja ciente de duas Coisas<\/strong>\r\n1-Esse M\u00e9todo Usa Hack na Sua Conta (Detalhe Uso o Hack mais seguro do Mercado para fazer a Melhoria em sua Conta e N\u00e3o Existe Relato de banimento com esse M\u00e9todo!)\r\n2-Precisarei do Acesso a Sua conta! (Email e Senha e Durante o Processo voce so poder\u00e1 entrar na sua conta quando eu Encerrar o Farm)\r\n\r\n<b><\/b><\/pre>\n<p data-start=\"0\" data-end=\"95\">\ud83c\udfae <strong data-start=\"3\" data-end=\"21\">Como funciona:<\/strong><br data-start=\"21\" data-end=\"24\" \/>Eu pessoalmente entrarei na sua conta e farei o farm que voc\u00ea precisar.<\/p>\n<p data-start=\"97\" data-end=\"208\">\ud83d\udd25 <strong data-start=\"100\" data-end=\"119\">Pacote Farm DC:<\/strong><br data-start=\"119\" data-end=\"122\" \/>Jogarei 3 horas na sua conta, garantindo o farm completo dentro do per\u00edodo contratado.<\/p>\n<p data-start=\"210\" data-end=\"306\">\u2728 <strong data-start=\"212\" data-end=\"230\">Pacote Shundo:<\/strong><br data-start=\"230\" data-end=\"233\" \/>Servi\u00e7o adicional ao pacote principal. Voc\u00ea pode contratar separadamente.<\/p>\n<p data-start=\"308\" data-end=\"391\" data-is-last-node=\"\" data-is-only-node=\"\">\ud83d\udcf2 <strong data-start=\"311\" data-end=\"323\">Contato:<\/strong><br data-start=\"323\" data-end=\"326\" \/>Solicitarei seu e-mail e senha via WhatsApp: <strong data-start=\"371\" data-end=\"390\">(85) 99232-3759<\/strong>.<\/p>\n<p>&nbsp;<\/p>\n","protected":false},"excerpt":{"rendered":"<p>Esteja ciente de duas Coisas 1-Esse M\u00e9todo Usa Hack na Sua Conta (Detalhe Uso o Hack mais seguro do Mercado para fazer a Melhoria em sua Conta e N\u00e3o Existe Relato de banimento com esse M\u00e9todo!) 2-Precisarei do Acesso a Sua conta! (Email e Senha e Durante o Processo voce so poder\u00e1 entrar na sua&#8230;<\/p>\n","protected":false},"featured_media":3910,"comment_status":"open","ping_status":"closed","template":"","meta":{"_kadence_starter_templates_imported_post":false,"_kad_post_transparent":"default","_kad_post_title":"","_kad_post_layout":"default","_kad_post_sidebar_id":"","_kad_post_content_style":"default","_kad_post_vertical_padding":"default","_kad_post_feature":"","_kad_post_feature_position":"","_kad_post_header":false,"_kad_post_footer":false,"_joinchat":[]},"product_brand":[],"product_cat":[82,24],"product_tag":[],"class_list":{"0":"post-3908","1":"product","2":"type-product","3":"status-publish","4":"has-post-thumbnail","6":"product_cat-farm","7":"product_cat-servicos","9":"first","10":"instock","11":"taxable","12":"shipping-taxable","13":"purchasable","14":"product-type-variable","15":"entry","16":"content-bg","17":"loop-entry"},"_links":{"self":[{"href":"https:\/\/eduhunterplay.com\/index.php\/wp-json\/wp\/v2\/product\/3908"}],"collection":[{"href":"https:\/\/eduhunterplay.com\/index.php\/wp-json\/wp\/v2\/product"}],"about":[{"href":"https:\/\/eduhunterplay.com\/index.php\/wp-json\/wp\/v2\/types\/product"}],"replies":[{"embeddable":true,"href":"https:\/\/eduhunterplay.com\/index.php\/wp-json\/wp\/v2\/comments?post=3908"}],"wp:featuredmedia":[{"embeddable":true,"href":"https:\/\/eduhunterplay.com\/index.php\/wp-json\/wp\/v2\/media\/3910"}],"wp:attachment":[{"href":"https:\/\/eduhunterplay.com\/index.php\/wp-json\/wp\/v2\/media?parent=3908"}],"wp:term":[{"taxonomy":"product_brand","embeddable":true,"href":"https:\/\/eduhunterplay.com\/index.php\/wp-json\/wp\/v2\/product_brand?post=3908"},{"taxonomy":"product_cat","embeddable":true,"href":"https:\/\/eduhunterplay.com\/index.php\/wp-json\/wp\/v2\/product_cat?post=3908"},{"taxonomy":"product_tag","embeddable":true,"href":"https:\/\/eduhunterplay.com\/index.php\/wp-json\/wp\/v2\/product_tag?post=3908"}],"curies":[{"name":"wp","href":"https:\/\/api.w.org\/{rel}","templated":true}]}}