{"id":4319,"date":"2025-01-26T06:22:19","date_gmt":"2025-01-26T06:22:19","guid":{"rendered":"https:\/\/eduhunterplay.com\/?post_type=product&#038;p=4319"},"modified":"2026-02-23T02:13:25","modified_gmt":"2026-02-23T02:13:25","slug":"farm-de-dinamax-gigamax","status":"publish","type":"product","link":"https:\/\/eduhunterplay.com\/index.php\/product\/farm-de-dinamax-gigamax\/","title":{"rendered":"FARM DE DINAMAX &#038; GIGAMAX"},"content":{"rendered":"<p data-sourcepos=\"3:1-3:309\"><strong><span class=\"citation-0 entailed interactive-span-hovered\" tabindex=\"0\" role=\"button\">Dinamax e Gigamax<\/span><\/strong><span class=\"citation-0 entailed citation-end-0 interactive-span-hovered\" tabindex=\"0\" role=\"button\"> s\u00e3o mec\u00e2nicas introduzidas na gera\u00e7\u00e3o VIII dos jogos de Pok\u00e9mon (Sword &amp; Shield) que trouxeram uma nova dimens\u00e3o \u00e0s batalhas Pok\u00e9mon.<\/span><button class=\"mat-mdc-tooltip-trigger button entailed-button hover\" aria-label=\"Abrir a checagem de fatos\" aria-describedby=\"cdk-describedby-message-ng-1-51\"><\/button> Embora n\u00e3o sejam implementadas exatamente da mesma forma em Pok\u00e9mon GO, seus conceitos inspiraram eventos e mec\u00e2nicas especiais no jogo.<\/p>\n<h3 data-sourcepos=\"5:1-5:32\">O que s\u00e3o Dinamax e Gigamax?<\/h3>\n<ul data-sourcepos=\"7:1-9:0\">\n<li data-sourcepos=\"7:1-7:139\"><strong><span class=\"citation-1 entailed\" tabindex=\"0\" role=\"button\">Dinamax:<\/span><\/strong><span class=\"citation-1 entailed citation-end-1\" tabindex=\"0\" role=\"button\"> Uma forma tempor\u00e1ria que permite que um Pok\u00e9mon aumente de tamanho e ganhe um aumento de poder em seus ataques.<\/span><button class=\"mat-mdc-tooltip-trigger button entailed-button\" aria-label=\"Abrir a checagem de fatos\" aria-describedby=\"cdk-describedby-message-ng-1-51\"><\/button><\/li>\n<li data-sourcepos=\"8:1-9:0\"><strong>Gigamax:<\/strong> Uma forma Dinamax \u00fanica para certos Pok\u00e9mon, que al\u00e9m de aumentar de tamanho, concede um movimento Gigamax exclusivo.<\/li>\n<\/ul>\n<p data-sourcepos=\"18:1-18:60\"><strong>Por que Dinamax e Gigamax s\u00e3o importantes em Pok\u00e9mon GO?<\/strong><\/p>\n<ul data-sourcepos=\"20:1-23:0\">\n<li data-sourcepos=\"20:1-20:155\"><strong>Novos desafios:<\/strong> As batalhas contra Pok\u00e9mon Dinamax e Gigamax oferecem desafios \u00fanicos aos treinadores, exigindo estrat\u00e9gias e equipes bem preparadas.<\/li>\n<li data-sourcepos=\"21:1-21:154\"><strong>Recompensas exclusivas:<\/strong> Ao vencer essas batalhas, os jogadores podem obter itens raros, doces XL e at\u00e9 mesmo a chance de capturar Pok\u00e9mon lend\u00e1rios.<\/li>\n<li data-sourcepos=\"22:1-23:0\"><strong><span class=\"citation-5 contradictory interactive-span-selected-v2\" tabindex=\"0\" role=\"button\">Experi\u00eancia de jogo mais rica:<\/span><\/strong><span class=\"citation-5 contradictory citation-end-5 interactive-span-selected-v2\" tabindex=\"0\" role=\"button\"> As mec\u00e2nicas Dinamax e Gigamax adicionam um elemento de novidade e emo\u00e7\u00e3o ao jogo, tornando a experi\u00eancia de jogar Pok\u00e9mon GO mais divertida.<\/span><button class=\"mat-mdc-tooltip-trigger button contradictory-button selected\" aria-label=\"Fechar a resposta da checagem de fatos\" aria-describedby=\"cdk-describedby-message-ng-1-52\"><\/button>\n<div class=\"tooltip no-link-size ng-star-inserted\">\n<div class=\"container no-link-size ng-star-inserted\">\n<div class=\"title invalid-title\">A Pesquisa Google n\u00e3o encontrou conte\u00fado<\/div>\n<\/div>\n<\/div>\n<div><\/div>\n<p><strong>Objetivo:<\/strong> Fazer suas Dinamax com Sucesso &lt;3<\/li>\n<li data-sourcepos=\"22:1-23:0\">VOCE PRECISA TER AS ENERGIAS NA CONTA OU ITENS DE ENERGIA PARA QUE CONSIGA FAZER<\/li>\n<\/ul>\n<pre><b>\r\nEu pessoalmente solicitarei seu email e senha via whatsapp - 85 992323759\r\n\r\n<\/b><\/pre>\n<p>&nbsp;<\/p>\n","protected":false},"excerpt":{"rendered":"<p>Dinamax e Gigamax s\u00e3o mec\u00e2nicas introduzidas na gera\u00e7\u00e3o VIII dos jogos de Pok\u00e9mon (Sword &amp; Shield) que trouxeram uma nova dimens\u00e3o \u00e0s batalhas Pok\u00e9mon. Embora n\u00e3o sejam implementadas exatamente da mesma forma em Pok\u00e9mon GO, seus conceitos inspiraram eventos e mec\u00e2nicas especiais no jogo. O que s\u00e3o Dinamax e Gigamax? Dinamax: Uma forma tempor\u00e1ria que&#8230;<\/p>\n","protected":false},"featured_media":4304,"comment_status":"open","ping_status":"closed","template":"","meta":{"_kadence_starter_templates_imported_post":false,"_kad_post_transparent":"default","_kad_post_title":"","_kad_post_layout":"default","_kad_post_sidebar_id":"","_kad_post_content_style":"default","_kad_post_vertical_padding":"default","_kad_post_feature":"","_kad_post_feature_position":"","_kad_post_header":false,"_kad_post_footer":false,"_joinchat":[]},"product_brand":[],"product_cat":[82,24],"product_tag":[],"class_list":{"0":"post-4319","1":"product","2":"type-product","3":"status-publish","4":"has-post-thumbnail","6":"product_cat-farm","7":"product_cat-servicos","9":"first","10":"instock","11":"taxable","12":"shipping-taxable","13":"purchasable","14":"product-type-variable","15":"entry","16":"content-bg","17":"loop-entry"},"_links":{"self":[{"href":"https:\/\/eduhunterplay.com\/index.php\/wp-json\/wp\/v2\/product\/4319"}],"collection":[{"href":"https:\/\/eduhunterplay.com\/index.php\/wp-json\/wp\/v2\/product"}],"about":[{"href":"https:\/\/eduhunterplay.com\/index.php\/wp-json\/wp\/v2\/types\/product"}],"replies":[{"embeddable":true,"href":"https:\/\/eduhunterplay.com\/index.php\/wp-json\/wp\/v2\/comments?post=4319"}],"wp:featuredmedia":[{"embeddable":true,"href":"https:\/\/eduhunterplay.com\/index.php\/wp-json\/wp\/v2\/media\/4304"}],"wp:attachment":[{"href":"https:\/\/eduhunterplay.com\/index.php\/wp-json\/wp\/v2\/media?parent=4319"}],"wp:term":[{"taxonomy":"product_brand","embeddable":true,"href":"https:\/\/eduhunterplay.com\/index.php\/wp-json\/wp\/v2\/product_brand?post=4319"},{"taxonomy":"product_cat","embeddable":true,"href":"https:\/\/eduhunterplay.com\/index.php\/wp-json\/wp\/v2\/product_cat?post=4319"},{"taxonomy":"product_tag","embeddable":true,"href":"https:\/\/eduhunterplay.com\/index.php\/wp-json\/wp\/v2\/product_tag?post=4319"}],"curies":[{"name":"wp","href":"https:\/\/api.w.org\/{rel}","templated":true}]}}