{"id":4401,"date":"2025-02-07T15:00:35","date_gmt":"2025-02-07T15:00:35","guid":{"rendered":"https:\/\/eduhunterplay.com\/?post_type=product&#038;p=4401"},"modified":"2025-03-16T13:24:13","modified_gmt":"2025-03-16T13:24:13","slug":"s20-fe-com-root","status":"publish","type":"product","link":"https:\/\/eduhunterplay.com\/index.php\/product\/s20-fe-com-root\/","title":{"rendered":"S20 FE &#8211; COM ROOT (Vendido)"},"content":{"rendered":"<p>&#8211; Celular 100% Funcionando<\/p>\n<p>&#8211; Tela Est\u00e1 com Trinco como na Imagem<\/p>\n<p>Mas Funcionando<\/p>\n<p>&#8211; Apenas o Celular + Capinha<\/p>\n<p>Observa\u00e7\u00e3o No samsung tem Pequena falha de Gps porem nada que atrapalhe demais sua gameplay<\/p>\n<p><a href=\"\/\/youtu.be\/ou0yAmZrs8c\" target=\"_blank\" rel=\"noopener\">Click aqui<\/a> Para Visualizar o Celular em Uso e nesse video demonstro a falha do Gps<\/p>\n","protected":false},"excerpt":{"rendered":"<p>&#8211; Celular 100% Funcionando &#8211; Tela Est\u00e1 com Trinco como na Imagem Mas Funcionando &#8211; Apenas o Celular + Capinha Observa\u00e7\u00e3o No samsung tem Pequena falha de Gps porem nada que atrapalhe demais sua gameplay Click aqui Para Visualizar o Celular em Uso e nesse video demonstro a falha do Gps<\/p>\n","protected":false},"featured_media":4402,"comment_status":"open","ping_status":"closed","template":"","meta":{"_kadence_starter_templates_imported_post":false,"_kad_post_transparent":"default","_kad_post_title":"","_kad_post_layout":"default","_kad_post_sidebar_id":"","_kad_post_content_style":"default","_kad_post_vertical_padding":"default","_kad_post_feature":"","_kad_post_feature_position":"","_kad_post_header":false,"_kad_post_footer":false,"_joinchat":[]},"product_brand":[],"product_cat":[84],"product_tag":[],"class_list":{"0":"post-4401","1":"product","2":"type-product","3":"status-publish","4":"has-post-thumbnail","6":"product_cat-celulares","8":"first","9":"outofstock","10":"taxable","11":"shipping-taxable","12":"purchasable","13":"product-type-simple","14":"entry","15":"content-bg","16":"loop-entry"},"_links":{"self":[{"href":"https:\/\/eduhunterplay.com\/index.php\/wp-json\/wp\/v2\/product\/4401"}],"collection":[{"href":"https:\/\/eduhunterplay.com\/index.php\/wp-json\/wp\/v2\/product"}],"about":[{"href":"https:\/\/eduhunterplay.com\/index.php\/wp-json\/wp\/v2\/types\/product"}],"replies":[{"embeddable":true,"href":"https:\/\/eduhunterplay.com\/index.php\/wp-json\/wp\/v2\/comments?post=4401"}],"wp:featuredmedia":[{"embeddable":true,"href":"https:\/\/eduhunterplay.com\/index.php\/wp-json\/wp\/v2\/media\/4402"}],"wp:attachment":[{"href":"https:\/\/eduhunterplay.com\/index.php\/wp-json\/wp\/v2\/media?parent=4401"}],"wp:term":[{"taxonomy":"product_brand","embeddable":true,"href":"https:\/\/eduhunterplay.com\/index.php\/wp-json\/wp\/v2\/product_brand?post=4401"},{"taxonomy":"product_cat","embeddable":true,"href":"https:\/\/eduhunterplay.com\/index.php\/wp-json\/wp\/v2\/product_cat?post=4401"},{"taxonomy":"product_tag","embeddable":true,"href":"https:\/\/eduhunterplay.com\/index.php\/wp-json\/wp\/v2\/product_tag?post=4401"}],"curies":[{"name":"wp","href":"https:\/\/api.w.org\/{rel}","templated":true}]}}