{"id":4423,"date":"2025-02-13T05:28:56","date_gmt":"2025-02-13T05:28:56","guid":{"rendered":"https:\/\/eduhunterplay.com\/?post_type=product&#038;p=4423"},"modified":"2026-02-28T15:56:00","modified_gmt":"2026-02-28T15:56:00","slug":"simple-account-lv-40","status":"publish","type":"product","link":"https:\/\/eduhunterplay.com\/index.php\/product\/simple-account-lv-40\/","title":{"rendered":"CONTA MISTERIOSA &#8211; LV 54"},"content":{"rendered":"<pre>UMA CONTA MISTERIOSA LEVEL 40\r\nVOCE N\u00c3O SABE QUAL TIME\r\nN\u00c3O SABE OQUE VEM NELA \r\nPOREM SABE QUE \u00c9 UMA CONTA BASICA LEVEL 40\r\nA CONTA VEM ALGUNS SHINYS\r\n\r\nTEM Troca de Nick<\/pre>\n","protected":false},"excerpt":{"rendered":"<p>UMA CONTA MISTERIOSA LEVEL 40 VOCE N\u00c3O SABE QUAL TIME N\u00c3O SABE OQUE VEM NELA POREM SABE QUE \u00c9 UMA CONTA BASICA LEVEL 40 A CONTA VEM ALGUNS SHINYS TEM Troca de Nick<\/p>\n","protected":false},"featured_media":5375,"comment_status":"open","ping_status":"closed","template":"","meta":{"_kadence_starter_templates_imported_post":false,"_kad_post_transparent":"default","_kad_post_title":"","_kad_post_layout":"default","_kad_post_sidebar_id":"","_kad_post_content_style":"default","_kad_post_vertical_padding":"default","_kad_post_feature":"","_kad_post_feature_position":"","_kad_post_header":false,"_kad_post_footer":false,"_joinchat":[]},"product_brand":[],"product_cat":[26],"product_tag":[27,28,29],"class_list":{"0":"post-4423","1":"product","2":"type-product","3":"status-publish","4":"has-post-thumbnail","6":"product_cat-contaspokemongo","7":"product_tag-conta-pokemon","8":"product_tag-pokemon-go","9":"product_tag-pokemon-go-contas","11":"first","12":"instock","13":"virtual","14":"taxable","15":"purchasable","16":"product-type-simple","17":"entry","18":"content-bg","19":"loop-entry"},"_links":{"self":[{"href":"https:\/\/eduhunterplay.com\/index.php\/wp-json\/wp\/v2\/product\/4423"}],"collection":[{"href":"https:\/\/eduhunterplay.com\/index.php\/wp-json\/wp\/v2\/product"}],"about":[{"href":"https:\/\/eduhunterplay.com\/index.php\/wp-json\/wp\/v2\/types\/product"}],"replies":[{"embeddable":true,"href":"https:\/\/eduhunterplay.com\/index.php\/wp-json\/wp\/v2\/comments?post=4423"}],"wp:featuredmedia":[{"embeddable":true,"href":"https:\/\/eduhunterplay.com\/index.php\/wp-json\/wp\/v2\/media\/5375"}],"wp:attachment":[{"href":"https:\/\/eduhunterplay.com\/index.php\/wp-json\/wp\/v2\/media?parent=4423"}],"wp:term":[{"taxonomy":"product_brand","embeddable":true,"href":"https:\/\/eduhunterplay.com\/index.php\/wp-json\/wp\/v2\/product_brand?post=4423"},{"taxonomy":"product_cat","embeddable":true,"href":"https:\/\/eduhunterplay.com\/index.php\/wp-json\/wp\/v2\/product_cat?post=4423"},{"taxonomy":"product_tag","embeddable":true,"href":"https:\/\/eduhunterplay.com\/index.php\/wp-json\/wp\/v2\/product_tag?post=4423"}],"curies":[{"name":"wp","href":"https:\/\/api.w.org\/{rel}","templated":true}]}}