{"id":5012,"date":"2025-06-05T05:44:40","date_gmt":"2025-06-05T05:44:40","guid":{"rendered":"https:\/\/eduhunterplay.com\/?post_type=product&#038;p=5012"},"modified":"2025-12-30T13:53:03","modified_gmt":"2025-12-30T13:53:03","slug":"colecao-de-pokemon-com-trajes-especiais-evento-limitado","status":"publish","type":"product","link":"https:\/\/eduhunterplay.com\/index.php\/product\/colecao-de-pokemon-com-trajes-especiais-evento-limitado\/","title":{"rendered":"Cole\u00e7\u00e3o de Pok\u00e9mon com Trajes Especiais \u2013 Evento Limitado (UNIDADE)"},"content":{"rendered":"<h3 data-start=\"76\" data-end=\"118\">\ud83d\udc1b <strong data-start=\"83\" data-end=\"116\">Wurmple (com chap\u00e9u de festa)<\/strong><\/h3>\n<p data-start=\"119\" data-end=\"242\">Um ador\u00e1vel Wurmple comemorativo usando um chap\u00e9u de anivers\u00e1rio colorido. Perfeito para eventos festivos e colecionadores.<\/p>\n<hr data-start=\"244\" data-end=\"247\" \/>\n<h3 data-start=\"249\" data-end=\"298\">\ud83e\udd89 <strong data-start=\"256\" data-end=\"296\">Hoothoot (shiny com cartola dourada)<\/strong><\/h3>\n<p data-start=\"299\" data-end=\"412\">Hoothoot em sua forma brilhante, vestindo uma elegante cartola e la\u00e7o dourados. Um toque de classe para seu time.<\/p>\n<hr data-start=\"414\" data-end=\"417\" \/>\n<h3 data-start=\"419\" data-end=\"458\">\ud83c\udf80 <strong data-start=\"426\" data-end=\"456\">Jigglypuff (com la\u00e7o azul)<\/strong><\/h3>\n<p data-start=\"459\" data-end=\"567\">Charmosa e fofa, essa Jigglypuff usa um la\u00e7o azul com bolinhas, sendo destaque em eventos de moda e carinho.<\/p>\n<hr data-start=\"569\" data-end=\"572\" \/>\n<h3 data-start=\"574\" data-end=\"620\">\ud83d\udc52 <strong data-start=\"581\" data-end=\"618\">Kirlia (com cartola preta)<\/strong><\/h3>\n<p data-start=\"621\" data-end=\"735\">Kirlia em sua forma Shadow, com visual refinado usando uma cartola e gravata preta. Um Pok\u00e9mon sombrio e estiloso.<\/p>\n","protected":false},"excerpt":{"rendered":"<h3 data-start=\"76\" data-end=\"118\">\ud83d\udc1b <strong data-start=\"83\" data-end=\"116\">Wurmple (com chap\u00e9u de festa)<\/strong><\/h3>\n<p data-start=\"119\" data-end=\"242\">Um ador\u00e1vel Wurmple comemorativo usando um chap\u00e9u de anivers\u00e1rio colorido. Perfeito para eventos festivos e colecionadores.<\/p>\n<hr data-start=\"244\" data-end=\"247\" \/>\n<h3 data-start=\"249\" data-end=\"298\">\ud83e\udd89 <strong data-start=\"256\" data-end=\"296\">Hoothoot (shiny com cartola dourada)<\/strong><\/h3>\n<p data-start=\"299\" data-end=\"412\">Hoothoot em sua forma brilhante, vestindo uma elegante cartola e la\u00e7o dourados. Um toque de classe para seu time.<\/p>\n<hr data-start=\"414\" data-end=\"417\" \/>\n<h3 data-start=\"419\" data-end=\"458\">\ud83c\udf80 <strong data-start=\"426\" data-end=\"456\">Jigglypuff (com la\u00e7o azul)<\/strong><\/h3>\n<p data-start=\"459\" data-end=\"567\">Charmosa e fofa, essa Jigglypuff usa um la\u00e7o azul com bolinhas, sendo destaque em eventos de moda e carinho.<\/p>\n<hr data-start=\"569\" data-end=\"572\" \/>\n<h3 data-start=\"574\" data-end=\"620\">\ud83d\udc52 <strong data-start=\"581\" data-end=\"618\">Kirlia (com cartola preta)<\/strong><\/h3>\n<p data-start=\"621\" data-end=\"735\">Kirlia em sua forma Shadow, com visual refinado usando uma cartola e gravata preta. Um Pok\u00e9mon sombrio e estiloso.<\/p>\n","protected":false},"featured_media":5013,"comment_status":"open","ping_status":"closed","template":"","meta":{"_kadence_starter_templates_imported_post":false,"_kad_post_transparent":"default","_kad_post_title":"","_kad_post_layout":"default","_kad_post_sidebar_id":"","_kad_post_content_style":"default","_kad_post_vertical_padding":"default","_kad_post_feature":"","_kad_post_feature_position":"","_kad_post_header":false,"_kad_post_footer":false,"_joinchat":[]},"product_brand":[],"product_cat":[25],"product_tag":[28],"class_list":{"0":"post-5012","1":"product","2":"type-product","3":"status-publish","4":"has-post-thumbnail","6":"product_cat-shiny","7":"product_tag-pokemon-go","9":"first","10":"instock","11":"taxable","12":"shipping-taxable","13":"purchasable","14":"product-type-variable","15":"entry","16":"content-bg","17":"loop-entry"},"_links":{"self":[{"href":"https:\/\/eduhunterplay.com\/index.php\/wp-json\/wp\/v2\/product\/5012"}],"collection":[{"href":"https:\/\/eduhunterplay.com\/index.php\/wp-json\/wp\/v2\/product"}],"about":[{"href":"https:\/\/eduhunterplay.com\/index.php\/wp-json\/wp\/v2\/types\/product"}],"replies":[{"embeddable":true,"href":"https:\/\/eduhunterplay.com\/index.php\/wp-json\/wp\/v2\/comments?post=5012"}],"wp:featuredmedia":[{"embeddable":true,"href":"https:\/\/eduhunterplay.com\/index.php\/wp-json\/wp\/v2\/media\/5013"}],"wp:attachment":[{"href":"https:\/\/eduhunterplay.com\/index.php\/wp-json\/wp\/v2\/media?parent=5012"}],"wp:term":[{"taxonomy":"product_brand","embeddable":true,"href":"https:\/\/eduhunterplay.com\/index.php\/wp-json\/wp\/v2\/product_brand?post=5012"},{"taxonomy":"product_cat","embeddable":true,"href":"https:\/\/eduhunterplay.com\/index.php\/wp-json\/wp\/v2\/product_cat?post=5012"},{"taxonomy":"product_tag","embeddable":true,"href":"https:\/\/eduhunterplay.com\/index.php\/wp-json\/wp\/v2\/product_tag?post=5012"}],"curies":[{"name":"wp","href":"https:\/\/api.w.org\/{rel}","templated":true}]}}