{"id":5033,"date":"2025-06-05T07:09:16","date_gmt":"2025-06-05T07:09:16","guid":{"rendered":"https:\/\/eduhunterplay.com\/?post_type=product&#038;p=5033"},"modified":"2025-06-05T07:15:38","modified_gmt":"2025-06-05T07:15:38","slug":"seu-legend-no-pokemon-go","status":"publish","type":"product","link":"https:\/\/eduhunterplay.com\/index.php\/product\/seu-legend-no-pokemon-go\/","title":{"rendered":"SEU LEGEND NO POKEMON GO"},"content":{"rendered":"<p><strong>Chegue ao n\u00edvel Legend no PvP do Pok\u00e9mon GO com ajuda de especialistas!<\/strong><\/p>\n<p>Est\u00e1 enfrentando dificuldades para alcan\u00e7ar o t\u00e3o cobi\u00e7ado n\u00edvel <strong>Legend<\/strong> no PvP do Pok\u00e9mon GO? Nossa equipe conta com os melhores profissionais para te ajudar, Vencendo sua Partidas &lt;3 \u2014\u00a0 voc\u00ea poder\u00e1 alcan\u00e7ar o ranking m\u00e1ximo e se tornar uma verdadeira lenda no jogo!<\/p>\n<p>Garanta sua vaga agora e suba no ranking! \ud83d\ude80\ud83d\udd25<\/p>\n","protected":false},"excerpt":{"rendered":"<p>Chegue ao n\u00edvel Legend no PvP do Pok\u00e9mon GO com ajuda de especialistas! Est\u00e1 enfrentando dificuldades para alcan\u00e7ar o t\u00e3o cobi\u00e7ado n\u00edvel Legend no PvP do Pok\u00e9mon GO? Nossa equipe conta com os melhores profissionais para te ajudar, Vencendo sua Partidas &lt;3 \u2014\u00a0 voc\u00ea poder\u00e1 alcan\u00e7ar o ranking m\u00e1ximo e se tornar uma verdadeira lenda&#8230;<\/p>\n","protected":false},"featured_media":5036,"comment_status":"open","ping_status":"closed","template":"","meta":{"_kadence_starter_templates_imported_post":false,"_kad_post_transparent":"default","_kad_post_title":"","_kad_post_layout":"default","_kad_post_sidebar_id":"","_kad_post_content_style":"default","_kad_post_vertical_padding":"default","_kad_post_feature":"","_kad_post_feature_position":"","_kad_post_header":false,"_kad_post_footer":false,"_joinchat":[]},"product_brand":[],"product_cat":[82,24],"product_tag":[137,131,134,132,129,130,135,128,28,126,127,136,133],"class_list":{"0":"post-5033","1":"product","2":"type-product","3":"status-publish","4":"has-post-thumbnail","6":"product_cat-farm","7":"product_cat-servicos","8":"product_tag-ajuda-pvp-pokemon-go","9":"product_tag-batalhas-pokemon-go","10":"product_tag-consultoria-pokemon-go","11":"product_tag-dicas-pvp-pokemon-go","12":"product_tag-estrategia-pokemon-go","13":"product_tag-melhores-times-pokemon-go","14":"product_tag-meta-pokemon-go","15":"product_tag-nivel-legend-pokemon-go","16":"product_tag-pokemon-go","17":"product_tag-pvp-pokemon-go","18":"product_tag-subir-ranking-pokemon-go","19":"product_tag-temporada-pokemon-go","20":"product_tag-treinamento-pokemon-go","22":"first","23":"instock","24":"sale","25":"taxable","26":"shipping-taxable","27":"purchasable","28":"product-type-simple","29":"entry","30":"content-bg","31":"loop-entry"},"_links":{"self":[{"href":"https:\/\/eduhunterplay.com\/index.php\/wp-json\/wp\/v2\/product\/5033"}],"collection":[{"href":"https:\/\/eduhunterplay.com\/index.php\/wp-json\/wp\/v2\/product"}],"about":[{"href":"https:\/\/eduhunterplay.com\/index.php\/wp-json\/wp\/v2\/types\/product"}],"replies":[{"embeddable":true,"href":"https:\/\/eduhunterplay.com\/index.php\/wp-json\/wp\/v2\/comments?post=5033"}],"wp:featuredmedia":[{"embeddable":true,"href":"https:\/\/eduhunterplay.com\/index.php\/wp-json\/wp\/v2\/media\/5036"}],"wp:attachment":[{"href":"https:\/\/eduhunterplay.com\/index.php\/wp-json\/wp\/v2\/media?parent=5033"}],"wp:term":[{"taxonomy":"product_brand","embeddable":true,"href":"https:\/\/eduhunterplay.com\/index.php\/wp-json\/wp\/v2\/product_brand?post=5033"},{"taxonomy":"product_cat","embeddable":true,"href":"https:\/\/eduhunterplay.com\/index.php\/wp-json\/wp\/v2\/product_cat?post=5033"},{"taxonomy":"product_tag","embeddable":true,"href":"https:\/\/eduhunterplay.com\/index.php\/wp-json\/wp\/v2\/product_tag?post=5033"}],"curies":[{"name":"wp","href":"https:\/\/api.w.org\/{rel}","templated":true}]}}