{"id":5399,"date":"2025-11-21T14:55:12","date_gmt":"2025-11-21T14:55:12","guid":{"rendered":"https:\/\/eduhunterplay.com\/?post_type=product&#038;p=5399"},"modified":"2025-11-21T14:56:06","modified_gmt":"2025-11-21T14:56:06","slug":"yvetal-ou-xerneas-unidade","status":"publish","type":"product","link":"https:\/\/eduhunterplay.com\/index.php\/product\/yvetal-ou-xerneas-unidade\/","title":{"rendered":"YVETAL OU XERNEAS (UNIDADE)"},"content":{"rendered":"<pre>Voce trocar\u00e1 diretamente comigo!\r\nFique ciente que se voce comprar a Troca Imediata voce Precisa ter 1 Milh\u00e3o de stardust Para Efetuar a Troca!\r\nVoce Precisa Gastar 1 Milh\u00e3o na Troca e Tbm Irei gastar 1 Milh\u00e3o de Stardust na troca!\r\nLembrando que o CP do pokemon ele se altera o Cp da imagem \u00e9 demonstrativa!\r\n<\/pre>\n<p>&nbsp;<\/p>\n","protected":false},"excerpt":{"rendered":"<p>Voce trocar\u00e1 diretamente comigo! Fique ciente que se voce comprar a Troca Imediata voce Precisa ter 1 Milh\u00e3o de stardust Para Efetuar a Troca! Voce Precisa Gastar 1 Milh\u00e3o na Troca e Tbm Irei gastar 1 Milh\u00e3o de Stardust na troca! Lembrando que o CP do pokemon ele se altera o Cp da imagem \u00e9&#8230;<\/p>\n","protected":false},"featured_media":5397,"comment_status":"open","ping_status":"closed","template":"","meta":{"_kadence_starter_templates_imported_post":false,"_kad_post_transparent":"default","_kad_post_title":"","_kad_post_layout":"default","_kad_post_sidebar_id":"","_kad_post_content_style":"default","_kad_post_vertical_padding":"default","_kad_post_feature":"","_kad_post_feature_position":"","_kad_post_header":false,"_kad_post_footer":false,"_joinchat":[]},"product_brand":[],"product_cat":[25],"product_tag":[],"class_list":{"0":"post-5399","1":"product","2":"type-product","3":"status-publish","4":"has-post-thumbnail","6":"product_cat-shiny","8":"first","9":"instock","10":"taxable","11":"shipping-taxable","12":"purchasable","13":"product-type-variable","14":"entry","15":"content-bg","16":"loop-entry"},"_links":{"self":[{"href":"https:\/\/eduhunterplay.com\/index.php\/wp-json\/wp\/v2\/product\/5399"}],"collection":[{"href":"https:\/\/eduhunterplay.com\/index.php\/wp-json\/wp\/v2\/product"}],"about":[{"href":"https:\/\/eduhunterplay.com\/index.php\/wp-json\/wp\/v2\/types\/product"}],"replies":[{"embeddable":true,"href":"https:\/\/eduhunterplay.com\/index.php\/wp-json\/wp\/v2\/comments?post=5399"}],"wp:featuredmedia":[{"embeddable":true,"href":"https:\/\/eduhunterplay.com\/index.php\/wp-json\/wp\/v2\/media\/5397"}],"wp:attachment":[{"href":"https:\/\/eduhunterplay.com\/index.php\/wp-json\/wp\/v2\/media?parent=5399"}],"wp:term":[{"taxonomy":"product_brand","embeddable":true,"href":"https:\/\/eduhunterplay.com\/index.php\/wp-json\/wp\/v2\/product_brand?post=5399"},{"taxonomy":"product_cat","embeddable":true,"href":"https:\/\/eduhunterplay.com\/index.php\/wp-json\/wp\/v2\/product_cat?post=5399"},{"taxonomy":"product_tag","embeddable":true,"href":"https:\/\/eduhunterplay.com\/index.php\/wp-json\/wp\/v2\/product_tag?post=5399"}],"curies":[{"name":"wp","href":"https:\/\/api.w.org\/{rel}","templated":true}]}}