{"id":5435,"date":"2025-12-29T23:02:55","date_gmt":"2025-12-29T23:02:55","guid":{"rendered":"https:\/\/eduhunterplay.com\/?post_type=product&#038;p=5435"},"modified":"2025-12-29T23:13:52","modified_gmt":"2025-12-29T23:13:52","slug":"pikachu-hat-goyang-2","status":"publish","type":"product","link":"https:\/\/eduhunterplay.com\/index.php\/product\/pikachu-hat-goyang-2\/","title":{"rendered":"Pikachu Road Trip &#8211; Valencia"},"content":{"rendered":"<pre>Voce trocar\u00e1 diretamente comigo! \r\nFique ciente que se voce comprar a Troca Imediata voce Precisa ter 1 Milh\u00e3o de stardust \r\nNa Registrada Voce tem que ter pelo menos Um pikachu Shiny j\u00e1 na Sua conta assim a troca sai mais barata!\r\nLembrando que o CP do pokemon ele se altera o Cp da imagem \u00e9 demonstrativa!<\/pre>\n","protected":false},"excerpt":{"rendered":"<p>Voce trocar\u00e1 diretamente comigo! Fique ciente que se voce comprar a Troca Imediata voce Precisa ter 1 Milh\u00e3o de stardust Na Registrada Voce tem que ter pelo menos Um pikachu Shiny j\u00e1 na Sua conta assim a troca sai mais barata! Lembrando que o CP do pokemon ele se altera o Cp da imagem \u00e9&#8230;<\/p>\n","protected":false},"featured_media":5440,"comment_status":"open","ping_status":"closed","template":"","meta":{"_kadence_starter_templates_imported_post":false,"_kad_post_transparent":"default","_kad_post_title":"","_kad_post_layout":"default","_kad_post_sidebar_id":"","_kad_post_content_style":"default","_kad_post_vertical_padding":"default","_kad_post_feature":"","_kad_post_feature_position":"","_kad_post_header":false,"_kad_post_footer":false,"_joinchat":[]},"product_brand":[],"product_cat":[25],"product_tag":[],"class_list":{"0":"post-5435","1":"product","2":"type-product","3":"status-publish","4":"has-post-thumbnail","6":"product_cat-shiny","8":"first","9":"instock","10":"sale","11":"taxable","12":"shipping-taxable","13":"purchasable","14":"product-type-simple","15":"entry","16":"content-bg","17":"loop-entry"},"_links":{"self":[{"href":"https:\/\/eduhunterplay.com\/index.php\/wp-json\/wp\/v2\/product\/5435"}],"collection":[{"href":"https:\/\/eduhunterplay.com\/index.php\/wp-json\/wp\/v2\/product"}],"about":[{"href":"https:\/\/eduhunterplay.com\/index.php\/wp-json\/wp\/v2\/types\/product"}],"replies":[{"embeddable":true,"href":"https:\/\/eduhunterplay.com\/index.php\/wp-json\/wp\/v2\/comments?post=5435"}],"wp:featuredmedia":[{"embeddable":true,"href":"https:\/\/eduhunterplay.com\/index.php\/wp-json\/wp\/v2\/media\/5440"}],"wp:attachment":[{"href":"https:\/\/eduhunterplay.com\/index.php\/wp-json\/wp\/v2\/media?parent=5435"}],"wp:term":[{"taxonomy":"product_brand","embeddable":true,"href":"https:\/\/eduhunterplay.com\/index.php\/wp-json\/wp\/v2\/product_brand?post=5435"},{"taxonomy":"product_cat","embeddable":true,"href":"https:\/\/eduhunterplay.com\/index.php\/wp-json\/wp\/v2\/product_cat?post=5435"},{"taxonomy":"product_tag","embeddable":true,"href":"https:\/\/eduhunterplay.com\/index.php\/wp-json\/wp\/v2\/product_tag?post=5435"}],"curies":[{"name":"wp","href":"https:\/\/api.w.org\/{rel}","templated":true}]}}