{"id":5447,"date":"2025-12-31T00:37:53","date_gmt":"2025-12-31T00:37:53","guid":{"rendered":"https:\/\/eduhunterplay.com\/?post_type=product&#038;p=5447"},"modified":"2025-12-31T01:40:42","modified_gmt":"2025-12-31T01:40:42","slug":"conta-70-75-red-mesprit","status":"publish","type":"product","link":"https:\/\/eduhunterplay.com\/index.php\/product\/conta-70-75-red-mesprit\/","title":{"rendered":"CONTA 70 &#8211; 75 RED &#8211; MESPRIT"},"content":{"rendered":"<pre>Total Xp: 144 + milhoes \r\nTotal Platinas: 12 Platinas\r\nStardust: 37 MILHOES\r\nVideo da Conta: <a href=\"https:\/\/youtube.com\/shorts\/HQglHCwbs4Y\" target=\"_blank\" rel=\"noopener\">https:\/\/youtube.com\/shorts\/HQglHCwbs4Y<\/a><\/pre>\n<pre><strong>Pokemon 100%:<\/strong> 61\r\n<strong>Shiny:<\/strong> 304\r\n<strong>Shundo:<\/strong> 13\r\n<strong>Total de Dinamax:<\/strong> 52\r\n<strong>Total de Gigamax:<\/strong> 10\r\n<strong>Total de Lend\u00e1rio, M\u00edtico , Ultra Criaturas:<\/strong> 123\r\n<strong>Total de Lend\u00e1rio, M\u00edtico , Ultra Criaturas(SHINY):<\/strong> 7\r\n<strong>Bolsa de Itens:<\/strong> 1600\r\n<strong>Bolsa de Pokemon:<\/strong> 900\r\n\r\n<strong>\r\nTEM TROCA DE NICK DISPONIVEL<\/strong><\/pre>\n","protected":false},"excerpt":{"rendered":"<p>Total Xp: 144 + milhoes Total Platinas: 12 Platinas Stardust: 37 MILHOES Video da Conta: https:\/\/youtube.com\/shorts\/HQglHCwbs4Y Pokemon 100%: 61 Shiny: 304 Shundo: 13 Total de Dinamax: 52 Total de Gigamax: 10 Total de Lend\u00e1rio, M\u00edtico , Ultra Criaturas: 123 Total de Lend\u00e1rio, M\u00edtico , Ultra Criaturas(SHINY): 7 Bolsa de Itens: 1600 Bolsa de Pokemon: 900&#8230;<\/p>\n","protected":false},"featured_media":5448,"comment_status":"open","ping_status":"closed","template":"","meta":{"_kadence_starter_templates_imported_post":false,"_kad_post_transparent":"default","_kad_post_title":"","_kad_post_layout":"default","_kad_post_sidebar_id":"","_kad_post_content_style":"default","_kad_post_vertical_padding":"default","_kad_post_feature":"","_kad_post_feature_position":"","_kad_post_header":false,"_kad_post_footer":false,"_joinchat":[]},"product_brand":[],"product_cat":[26],"product_tag":[27,28,29],"class_list":{"0":"post-5447","1":"product","2":"type-product","3":"status-publish","4":"has-post-thumbnail","6":"product_cat-contaspokemongo","7":"product_tag-conta-pokemon","8":"product_tag-pokemon-go","9":"product_tag-pokemon-go-contas","11":"first","12":"instock","13":"sale","14":"virtual","15":"taxable","16":"purchasable","17":"product-type-simple","18":"entry","19":"content-bg","20":"loop-entry"},"_links":{"self":[{"href":"https:\/\/eduhunterplay.com\/index.php\/wp-json\/wp\/v2\/product\/5447"}],"collection":[{"href":"https:\/\/eduhunterplay.com\/index.php\/wp-json\/wp\/v2\/product"}],"about":[{"href":"https:\/\/eduhunterplay.com\/index.php\/wp-json\/wp\/v2\/types\/product"}],"replies":[{"embeddable":true,"href":"https:\/\/eduhunterplay.com\/index.php\/wp-json\/wp\/v2\/comments?post=5447"}],"wp:featuredmedia":[{"embeddable":true,"href":"https:\/\/eduhunterplay.com\/index.php\/wp-json\/wp\/v2\/media\/5448"}],"wp:attachment":[{"href":"https:\/\/eduhunterplay.com\/index.php\/wp-json\/wp\/v2\/media?parent=5447"}],"wp:term":[{"taxonomy":"product_brand","embeddable":true,"href":"https:\/\/eduhunterplay.com\/index.php\/wp-json\/wp\/v2\/product_brand?post=5447"},{"taxonomy":"product_cat","embeddable":true,"href":"https:\/\/eduhunterplay.com\/index.php\/wp-json\/wp\/v2\/product_cat?post=5447"},{"taxonomy":"product_tag","embeddable":true,"href":"https:\/\/eduhunterplay.com\/index.php\/wp-json\/wp\/v2\/product_tag?post=5447"}],"curies":[{"name":"wp","href":"https:\/\/api.w.org\/{rel}","templated":true}]}}