{"id":5537,"date":"2026-03-09T18:49:07","date_gmt":"2026-03-09T18:49:07","guid":{"rendered":"https:\/\/eduhunterplay.com\/?post_type=product&#038;p=5537"},"modified":"2026-03-09T19:15:13","modified_gmt":"2026-03-09T19:15:13","slug":"conta-71-80-yellow-mewtwo-armored","status":"publish","type":"product","link":"https:\/\/eduhunterplay.com\/index.php\/product\/conta-71-80-yellow-mewtwo-armored\/","title":{"rendered":"CONTA 71 &#8211; 80 &#8211; YELLOW &#8211; MEWTWO ARMORED"},"content":{"rendered":"<pre>Total Xp: 373 Milhoes\r\nTotal Platinas: 38 Platinas\r\nStardust: 500 + Mil\r\nVideo da Conta: <a href=\"https:\/\/youtu.be\/g6RAErcG958\" target=\"_blank\" rel=\"noopener\">https:\/\/youtu.be\/g6RAErcG958<\/a><\/pre>\n<pre><strong>Pokemon 100%:<\/strong> 278\r\n<strong>Shiny:<\/strong> 851\r\n<strong>Shundo:<\/strong> 3\r\n<strong>Total de Dinamax:<\/strong> 26\r\n<strong>Total de Gigamax:<\/strong> 1\r\n<strong>Total de Lend\u00e1rio, M\u00edtico , Ultra Criaturas:<\/strong> 1000\r\n<strong>Total de Lend\u00e1rio, M\u00edtico , Ultra Criaturas(SHINY):<\/strong> 50\r\n<strong>Bolsa de Itens:<\/strong> 2950\r\n<strong>Bolsa de Pokemon:<\/strong> 4100\r\n\r\n<strong>\r\nTEM TROCA DE NICK DISPONIVEL<\/strong><\/pre>\n","protected":false},"excerpt":{"rendered":"<p>Total Xp: 373 Milhoes Total Platinas: 38 Platinas Stardust: 500 + Mil Video da Conta: https:\/\/youtu.be\/g6RAErcG958 Pokemon 100%: 278 Shiny: 851 Shundo: 3 Total de Dinamax: 26 Total de Gigamax: 1 Total de Lend\u00e1rio, M\u00edtico , Ultra Criaturas: 1000 Total de Lend\u00e1rio, M\u00edtico , Ultra Criaturas(SHINY): 50 Bolsa de Itens: 2950 Bolsa de Pokemon: 4100&#8230;<\/p>\n","protected":false},"featured_media":5536,"comment_status":"open","ping_status":"closed","template":"","meta":{"_kadence_starter_templates_imported_post":false,"_kad_post_transparent":"default","_kad_post_title":"","_kad_post_layout":"default","_kad_post_sidebar_id":"","_kad_post_content_style":"default","_kad_post_vertical_padding":"default","_kad_post_feature":"","_kad_post_feature_position":"","_kad_post_header":false,"_kad_post_footer":false,"_joinchat":[]},"product_brand":[],"product_cat":[26],"product_tag":[27,28,29],"class_list":{"0":"post-5537","1":"product","2":"type-product","3":"status-publish","4":"has-post-thumbnail","6":"product_cat-contaspokemongo","7":"product_tag-conta-pokemon","8":"product_tag-pokemon-go","9":"product_tag-pokemon-go-contas","11":"first","12":"instock","13":"sale","14":"virtual","15":"taxable","16":"purchasable","17":"product-type-simple","18":"entry","19":"content-bg","20":"loop-entry"},"_links":{"self":[{"href":"https:\/\/eduhunterplay.com\/index.php\/wp-json\/wp\/v2\/product\/5537"}],"collection":[{"href":"https:\/\/eduhunterplay.com\/index.php\/wp-json\/wp\/v2\/product"}],"about":[{"href":"https:\/\/eduhunterplay.com\/index.php\/wp-json\/wp\/v2\/types\/product"}],"replies":[{"embeddable":true,"href":"https:\/\/eduhunterplay.com\/index.php\/wp-json\/wp\/v2\/comments?post=5537"}],"wp:featuredmedia":[{"embeddable":true,"href":"https:\/\/eduhunterplay.com\/index.php\/wp-json\/wp\/v2\/media\/5536"}],"wp:attachment":[{"href":"https:\/\/eduhunterplay.com\/index.php\/wp-json\/wp\/v2\/media?parent=5537"}],"wp:term":[{"taxonomy":"product_brand","embeddable":true,"href":"https:\/\/eduhunterplay.com\/index.php\/wp-json\/wp\/v2\/product_brand?post=5537"},{"taxonomy":"product_cat","embeddable":true,"href":"https:\/\/eduhunterplay.com\/index.php\/wp-json\/wp\/v2\/product_cat?post=5537"},{"taxonomy":"product_tag","embeddable":true,"href":"https:\/\/eduhunterplay.com\/index.php\/wp-json\/wp\/v2\/product_tag?post=5537"}],"curies":[{"name":"wp","href":"https:\/\/api.w.org\/{rel}","templated":true}]}}