{"id":5631,"date":"2026-03-29T20:55:15","date_gmt":"2026-03-29T20:55:15","guid":{"rendered":"https:\/\/eduhunterplay.com\/?post_type=product&#038;p=5631"},"modified":"2026-03-29T21:13:46","modified_gmt":"2026-03-29T21:13:46","slug":"sniper-pokemon-pegue-os-raros","status":"publish","type":"product","link":"https:\/\/eduhunterplay.com\/index.php\/product\/sniper-pokemon-pegue-os-raros\/","title":{"rendered":"\ud83d\udd25 SNIPER POKEMON \u2013 PEGUE OS RAROS"},"content":{"rendered":"<p data-start=\"118\" data-end=\"168\">\ud83d\udd25 <strong data-start=\"121\" data-end=\"163\">CAPTURA HUNDO (100 IV) \u2013 EDUHUNTERPLAY<\/strong> \ud83d\udd25<\/p>\n<p data-start=\"170\" data-end=\"281\">Quer adicionar um Pok\u00e9mon perfeito \u00e0 sua cole\u00e7\u00e3o?<br data-start=\"219\" data-end=\"222\" \/>N\u00f3s fazemos isso por voc\u00ea <strong data-start=\"248\" data-end=\"280\">r\u00e1pido, seguro e sem esfor\u00e7o<\/strong>.<\/p>\n<p data-start=\"283\" data-end=\"473\">\ud83d\udc8e <strong data-start=\"286\" data-end=\"308\">O que voc\u00ea recebe:<\/strong><br \/>\nCapturamos um Pok\u00e9mon selvagem com Nosso Pacote!<br data-start=\"416\" data-end=\"419\" \/>\u26a0\ufe0f O Pok\u00e9mon \u00e9 aleat\u00f3rio, mas sempre ser\u00e1 <strong data-start=\"461\" data-end=\"472\">100% IV<\/strong>. <strong>HUNDO<\/strong><\/p>\n<p data-start=\"283\" data-end=\"473\">\u26a0\ufe0f O Pok\u00e9mon \u00e9 aleat\u00f3rio, mas sempre ser\u00e1 <strong data-start=\"461\" data-end=\"472\">0% IV<\/strong>. <strong>NUNDO<\/strong><\/p>\n<p data-start=\"283\" data-end=\"473\">\u26a0\ufe0f O Pok\u00e9mon \u00e9 aleat\u00f3rio, mas sempre ser\u00e1 <strong data-start=\"461\" data-end=\"472\">\u00a0IVs Para <\/strong><strong>PVP<\/strong><\/p>\n<p data-start=\"283\" data-end=\"473\">\u26a0\ufe0f O Pok\u00e9mon \u00e9 Especifico Dispon\u00edvel Estar\u00e1 na Lista de Servi\u00e7os<\/p>\n<hr data-start=\"475\" data-end=\"478\" \/>\n<p data-start=\"480\" data-end=\"612\">\ud83d\udccc <strong data-start=\"483\" data-end=\"498\">Requisitos:<\/strong><br \/>\n\u2714 N\u00edvel 30 ou superior no jogo<br data-start=\"529\" data-end=\"532\" \/>\u2757 Ainda n\u00e3o chegou l\u00e1? Oferecemos <strong data-start=\"566\" data-end=\"589\">servi\u00e7o de XP Boost<\/strong> pra voc\u00ea subir r\u00e1pido.<\/p>\n<hr data-start=\"614\" data-end=\"617\" \/>\n<p data-start=\"619\" data-end=\"697\">\u26a1 <strong data-start=\"621\" data-end=\"643\">Tempo de execu\u00e7\u00e3o:<\/strong><br \/>\n\u23f1\ufe0f Normalmente conclu\u00eddo em <strong data-start=\"672\" data-end=\"695\">menos de 1 Hora<\/strong><\/p>\n<p data-start=\"699\" data-end=\"821\">\ud83d\udea8 <strong data-start=\"702\" data-end=\"717\">Importante:<\/strong><br data-start=\"717\" data-end=\"720\" \/>Voc\u00ea precisa ficar <strong data-start=\"739\" data-end=\"760\">2 horas sem jogar<\/strong> (sem capturar ou girar Pok\u00e9Stop) antes do in\u00edcio do servi\u00e7o.<\/p>\n<hr data-start=\"823\" data-end=\"826\" \/>\n<p data-start=\"828\" data-end=\"964\">\ud83d\udc8e <strong data-start=\"831\" data-end=\"868\">Por que escolher a Eduhunterplay?<\/strong><br \/>\n\u2714 Servi\u00e7o seguro e profissional<br data-start=\"900\" data-end=\"903\" \/>\u2714 Execu\u00e7\u00e3o r\u00e1pida<br data-start=\"920\" data-end=\"923\" \/>\u2714 Suporte 24\/7<br data-start=\"937\" data-end=\"940\" \/>\u2714 Alta taxa de sucesso<\/p>\n<hr data-start=\"966\" data-end=\"969\" \/>\n<p data-start=\"971\" data-end=\"1063\">\ud83c\udfaf <strong data-start=\"974\" data-end=\"1021\">Garanta seu Sniper agora e evolua sua conta!<\/strong><\/p>\n","protected":false},"excerpt":{"rendered":"<p>\ud83d\udd25 CAPTURA HUNDO (100 IV) \u2013 EDUHUNTERPLAY \ud83d\udd25 Quer adicionar um Pok\u00e9mon perfeito \u00e0 sua cole\u00e7\u00e3o?N\u00f3s fazemos isso por voc\u00ea r\u00e1pido, seguro e sem esfor\u00e7o. \ud83d\udc8e O que voc\u00ea recebe: Capturamos um Pok\u00e9mon selvagem com Nosso Pacote!\u26a0\ufe0f O Pok\u00e9mon \u00e9 aleat\u00f3rio, mas sempre ser\u00e1 100% IV. HUNDO \u26a0\ufe0f O Pok\u00e9mon \u00e9 aleat\u00f3rio, mas sempre ser\u00e1&#8230;<\/p>\n","protected":false},"featured_media":5634,"comment_status":"open","ping_status":"closed","template":"","meta":{"_kadence_starter_templates_imported_post":false,"_kad_post_transparent":"default","_kad_post_title":"","_kad_post_layout":"default","_kad_post_sidebar_id":"","_kad_post_content_style":"default","_kad_post_vertical_padding":"default","_kad_post_feature":"","_kad_post_feature_position":"","_kad_post_header":false,"_kad_post_footer":false,"_joinchat":[]},"product_brand":[],"product_cat":[82,24,25],"product_tag":[208,215,206,210,178,185,213,173,175,209,205,211,204,207,180,181,183,214,176,212],"class_list":{"0":"post-5631","1":"product","2":"type-product","3":"status-publish","4":"has-post-thumbnail","6":"product_cat-farm","7":"product_cat-servicos","8":"product_cat-shiny","9":"product_tag-100-iv-pokemon-go","10":"product_tag-boost-pokemon-go","11":"product_tag-captura-hundo-pokemon-go","12":"product_tag-capturar-pokemon-raro","13":"product_tag-contapokemongo","14":"product_tag-eventopokemongo","15":"product_tag-farm-hundo-pokemon-go","16":"product_tag-farmpokemongo","17":"product_tag-farmshiny","18":"product_tag-hundo-pokemon-go-servico","19":"product_tag-pokemon-100-iv","20":"product_tag-pokemon-go-iv-perfeito","21":"product_tag-pokemon-hundo","22":"product_tag-pokemon-perfeito-pokemon-go","23":"product_tag-pokemongo","24":"product_tag-rioluday","25":"product_tag-riolushiny","26":"product_tag-servico-pokemon-go","27":"product_tag-shinyhunt","28":"product_tag-stats-perfeitos-pokemon-go","30":"first","31":"instock","32":"taxable","33":"shipping-taxable","34":"purchasable","35":"product-type-variable","36":"entry","37":"content-bg","38":"loop-entry"},"_links":{"self":[{"href":"https:\/\/eduhunterplay.com\/index.php\/wp-json\/wp\/v2\/product\/5631"}],"collection":[{"href":"https:\/\/eduhunterplay.com\/index.php\/wp-json\/wp\/v2\/product"}],"about":[{"href":"https:\/\/eduhunterplay.com\/index.php\/wp-json\/wp\/v2\/types\/product"}],"replies":[{"embeddable":true,"href":"https:\/\/eduhunterplay.com\/index.php\/wp-json\/wp\/v2\/comments?post=5631"}],"wp:featuredmedia":[{"embeddable":true,"href":"https:\/\/eduhunterplay.com\/index.php\/wp-json\/wp\/v2\/media\/5634"}],"wp:attachment":[{"href":"https:\/\/eduhunterplay.com\/index.php\/wp-json\/wp\/v2\/media?parent=5631"}],"wp:term":[{"taxonomy":"product_brand","embeddable":true,"href":"https:\/\/eduhunterplay.com\/index.php\/wp-json\/wp\/v2\/product_brand?post=5631"},{"taxonomy":"product_cat","embeddable":true,"href":"https:\/\/eduhunterplay.com\/index.php\/wp-json\/wp\/v2\/product_cat?post=5631"},{"taxonomy":"product_tag","embeddable":true,"href":"https:\/\/eduhunterplay.com\/index.php\/wp-json\/wp\/v2\/product_tag?post=5631"}],"curies":[{"name":"wp","href":"https:\/\/api.w.org\/{rel}","templated":true}]}}